{"id":3,"date":"2020-11-14T23:34:37","date_gmt":"2020-11-14T23:34:37","guid":{"rendered":"https:\/\/villabaldelli.it\/?page_id=3"},"modified":"2021-04-09T14:32:44","modified_gmt":"2021-04-09T14:32:44","slug":"privacy-policy","status":"publish","type":"page","link":"https:\/\/villabaldelli.it\/index.php\/privacy-policy\/","title":{"rendered":"Privacy Policy"},"content":{"rendered":"\n<h4 class=\"wp-block-heading\" id=\"myModalLabel\">Informativa per la protezione dei dati ai sensi del Regolamento Generale di Protezione dei Dati (RGPD) UE 679\/2016 in vigore dal 25 maggio 2018<\/h4>\n\n\n\n<p>L\u2019Antica Fattoria s.r.l, con sede legale in San Pietro a Cegliolo, 420 52044 Cortona (AR), P.IVA 01291060513 (in seguito, \u201cTitolare\u201d), in qualit\u00e0 di titolare del trattamento, La informa ai sensi dell\u2019art. 13 D.Lgs. 30.6.2003 n. 196 (in seguito, \u201cCodice Privacy\u201d) e dell\u2019art. 13 Regolamento UE n. 2016\/679 (in seguito, \u201cGDPR\u201d) che i Suoi dati saranno trattati con le modalit\u00e0 e per le finalit\u00e0 seguenti:<\/p>\n\n\n\n<h4 class=\"wp-block-heading\"><strong>1<\/strong>&nbsp;Titolare del trattamento:<\/h4>\n\n\n\n<p>L\u2019Antica Fattoria s.r.l., con sede legale in San Pietro a Cegliolo, 420 52044 Cortona (AR)<\/p>\n\n\n\n<p>L\u2019elenco aggiornato dei responsabili e degli incaricati al trattamento \u00e8 custodito presso la sede legale del Titolare del trattamento.<\/p>\n\n\n\n<h4 class=\"wp-block-heading\"><strong>2<\/strong>&nbsp;Oggetto del trattamento:<\/h4>\n\n\n\n<p>Il Titolare tratta i dati personali \u2013 in seguito, \u201cdati personali\u201d o anche \u201cdati\u201d) da Lei eventualmente comunicati in occasione della conclusione di contratti per i servizi o prodotti venduti dal Titolare.<\/p>\n\n\n\n<h4 class=\"wp-block-heading\"><strong>3<\/strong>&nbsp;Finalit\u00e0 del trattamento:<\/h4>\n\n\n\n<p>I Suoi dati personali sono trattati:<br><strong>a)<\/strong>&nbsp;I dati personali che lei fornir\u00e0 attraverso questo sito web o direttamente al Titolare sono trattati senza il Suo consenso espresso (art. 6 lett. b), e) del RGPD), unicamente per le seguenti Finalit\u00e0 di Servizio:<\/p>\n\n\n\n<ul class=\"wp-block-list\"><li>concludere i contratti per i servizi del Titolare<\/li><li>adempiere agli obblighi precontrattuali, contrattuali e fiscali derivanti da rapporti con Lei in essere<\/li><li>adempiere agli obblighi previsti dalla legge, da un regolamento, dalla normativa comunitaria o da un ordine dell\u2019Autorit\u00e0<\/li><li>esercitare i diritti del Titolare, ad esempio interessi legittimi o il diritto di difesa in giudizio<\/li><\/ul>\n\n\n\n<p><strong>b)<\/strong>&nbsp;I dati personali che lei fornir\u00e0 attraverso questo sito web o direttamente al Titolare saranno invece trattati solo previo Suo specifico e distinto consenso (art. 7 RGPD), per le seguenti Finalit\u00e0 di Marketing:<\/p>\n\n\n\n<ul class=\"wp-block-list\"><li>inviarLe via e-mail, posta e\/o sms e\/o contatti telefonici, comunicazioni commerciali o newsletter o altro materiale pubblicitario su prodotti o servizi offerti dal Titolare.<\/li><li>nviarLe via e-mail questionari per la rilevazione del grado di soddisfazione sulla qualit\u00e0 dei servizi.<\/li><\/ul>\n\n\n\n<p>Le segnaliamo che se siete gi\u00e0 nostri clienti, potremo inviarLe comunicazioni commerciali o newsletter relative a servizi e prodotti del Titolare analoghi a quelli di cui ha gi\u00e0 usufruito, salvo Suo revoca del consenso gi\u00e0 espresso.<\/p>\n\n\n\n<h4 class=\"wp-block-heading\"><strong>4<\/strong>&nbsp;Modalit\u00e0, durata del trattamento e sicurezza dei dati:<\/h4>\n\n\n\n<p>I Suoi dati personali sono sottoposti a trattamento sia cartaceo che elettronico e\/o automatizzato.<\/p>\n\n\n\n<p>Il Titolare tratter\u00e0 i dati personali per il tempo necessario per adempiere alle finalit\u00e0 di cui sopra e comunque per non oltre 10 anni dalla cessazione del rapporto per le Finalit\u00e0 di Servizio (3.a) e per non oltre 2 anni dalla raccolta dei dati per le Finalit\u00e0 di Marketing (3.b).<\/p>\n\n\n\n<p>Il Titolare dichiara di aver adottato misure tecniche e organizzative idonee per l\u2019assolvimento degli obblighi previsti dal RGPD. In particolare, il Titolare dichiara di aver attivato procedure interne per salvaguardare la sicurezza dei dati (sia elettronici che cartacei), mediante cifratura, misure di backup e disaster recovery e misure di protezione della propria rete tramite firewall, antivirus o sistemi di prevenzione da accessi abusivi. Il titolare dichiara di aver altres\u00ec verificato l\u2019esistenza di uguali misure di sicurezza presso i propri fornitori che forniscono servizi di hosting collegati alle funzionalit\u00e0 di questo sito web.<\/p>\n\n\n\n<h4 class=\"wp-block-heading\"><strong>5<\/strong>&nbsp;Altri destinatari dei dati:<\/h4>\n\n\n\n<p>Il Titolare tratta internamente i dati raccolti e li utilizza per lo svolgimento della propria attivit\u00e0. Non vi sono altri destinatari dei dati, ad eccezione dei destinatari previsti dagli obblighi di legge.<\/p>\n\n\n\n<h4 class=\"wp-block-heading\"><strong>6<\/strong>&nbsp;Trasferimento dati<\/h4>\n\n\n\n<p>I dati personali, qualora vengano acquisiti dal sito web, sono conservati su server ubicati in Italia o comunque all\u2019interno dell\u2019Unione Europea. Resta in ogni caso inteso che il Titolare, ove si rendesse necessario, avr\u00e0 facolt\u00e0 di spostare i server anche extra-UE. In tal caso, il Titolare assicura sin d\u2019ora che il trasferimento dei dati extra-UE avverr\u00e0 in conformit\u00e0 alle disposizioni di legge applicabili, previa stipula delle clausole contrattuali standard previste dalla Commissione Europea e garantendo sempre la sicurezza del trasferimento e dopo aver verificato l\u2019esistenza presso il nuovo fornitore di idonee misure di sicurezza e dell\u2019assenza di utilizzi non autorizzati dei dati.<\/p>\n\n\n\n<h4 class=\"wp-block-heading\"><strong>7<\/strong>&nbsp;Diritti dell\u2019interessato<\/h4>\n\n\n\n<p>Nella Sua qualit\u00e0 di interessato, lei pu\u00f2 esercitare tutti i diritti di cui all\u2019art. 15 RGPD e precisamente i diritti di:<\/p>\n\n\n\n<ul class=\"wp-block-list\"><li>ottenere la conferma dell\u2019esistenza o meno di dati personali che La riguardano, anche se non ancora registrati, e la loro comunicazione in forma intelligibile;<\/li><li>ottenere l\u2019indicazione:<ul><li>a) dell\u2019origine dei dati personali<\/li><li>b) delle finalit\u00e0 e modalit\u00e0 del trattamento<\/li><li>c) della logica applicata in caso di trattamento effettuato con l\u2019ausilio di strumenti elettronic<\/li><li>d) degli estremi identificativi del titolare, dei responsabili e del rappresentante designato ai sensi dell\u2019art. 5, comma 2 Codice Privacy e art. 3, comma 1, RGPD<\/li><li>e) dei soggetti o delle categorie di soggetti ai quali i dati personali possono essere comunicati o che possono venirne a conoscenza in qualit\u00e0 di rappresentante designato nel territorio dello Stato, di responsabili o incaricati<\/li><\/ul><\/li><li>ottenere:<ul><li>a) l\u2019aggiornamento, la rettificazione ovvero, quando vi ha interesse, l\u2019integrazione dei dati<\/li><li>b) la cancellazione, la trasformazione in forma anonima o il blocco dei dati trattati in violazione di legge, compresi quelli di cui non \u00e8 necessaria la conservazione in relazione agli scopi per i quali i dati sono stati raccolti o successivamente trattati<\/li><li>c) l\u2019attestazione che le operazioni di cui alle lettere a) e b) sono state portate a conoscenza, anche per quanto riguarda il loro contenuto, di coloro ai quali i dati sono stati comunicati o diffusi, eccettuato il caso in cui tale adempimento si rivela impossibile o comporta un impiego di mezzi manifestamente sproporzionato rispetto al diritto tutelato<\/li><\/ul><\/li><li>opporsi, in tutto o in parte:<ul><li>a) per motivi legittimi al trattamento dei dati personali che La riguardano, ancorch\u00e9 pertinenti allo scopo della raccolta<\/li><li>b) al trattamento di dati personali che La riguardano a fini di invio di materiale pubblicitario o di vendita diretta o per il compimento di ricerche di mercato o di comunicazione commerciale, mediante l\u2019uso di sistemi automatizzati di chiamata senza l\u2019intervento di un operatore mediante e-mail e\/o mediante modalit\u00e0 di marketing tradizionali mediante telefono e\/o posta cartacea. Si fa presente che il diritto di opposizione dell\u2019interessato, esposto al precedente punto b), per finalit\u00e0 di marketing diretto mediante modalit\u00e0 automatizzate si estende a quelle tradizionali e che comunque resta salva la possibilit\u00e0 per l\u2019interessato di esercitare il diritto di opposizione anche solo in parte. Pertanto, l\u2019interessato pu\u00f2 decidere di ricevere solo comunicazioni mediante modalit\u00e0 tradizionali ovvero solo comunicazioni automatizzate oppure nessuna delle due tipologie di comunicazione<\/li><\/ul><\/li><\/ul>\n\n\n\n<p>Ove applicabili, ha altres\u00ec i diritti di cui agli artt. 16-21 RGPD (Diritto di rettifica, diritto all\u2019oblio, diritto di limitazione di trattamento, diritto alla portabilit\u00e0 dei dati, diritto di opposizione), nonch\u00e9 il diritto di reclamo all\u2019Autorit\u00e0 Garante.<\/p>\n\n\n\n<h4 class=\"wp-block-heading\"><strong>8<\/strong>&nbsp;Modalit\u00e0 di esercizio dei diritti<\/h4>\n\n\n\n<p>L\u2019interessato potr\u00e0 in qualsiasi momento esercitare i propri diritti inviando:<\/p>\n\n\n\n<ul class=\"wp-block-list\"><li>Una semplice comunicazione via email a info@villabaldelli.it<\/li><li>Una comunicazione scritta, via posta ordinaria, a: L\u2019Antica Fattoria s.r.l \u2013 San Pietro a Cegliolo, 420 52044 Cortona (AR) Italy<\/li><\/ul>\n\n\n\n<hr class=\"wp-block-separator\"\/>\n\n\n\n<h2 class=\"wp-block-heading\">Informativa sui Cookie e files di registro<\/h2>\n\n\n\n<p>Per cookie si intende un dato informativo che viene trasmesso dal sito web al computer dell\u2019Utilizzatore al fine di permetterne una rapida identificazione e migliorare l\u2019esperienza di navigazione. Secondo quanto disposto dal Garante Privacy, Registro dei provvedimenti n. 229 dell\u20198 maggio 2014 \u201cIndividuazione delle modalit\u00e0 semplificate per l\u2019informativa e l\u2019acquisizione del consenso per l\u2019uso dei cookie\u201d \u2013 8 maggio 2014 (Pubblicato sulla Gazzetta Ufficiale n. 126 del 3 giugno 2014), questo sito utilizza solo cookie tecnici o cookie di terze parti, che vengono installati automaticamente a seguito dell\u2019accesso al sito, per finalit\u00e0 limitate alla normale navigazione e senza alcun tracciamento o profilazione dell\u2019utente e delle preferenze e senza erogazione di contenuti pubblicitari di alcun genere:<\/p>\n\n\n\n<ul class=\"wp-block-list\"><li>_ga: cookie di tipo \u201ctecnico\u201d installato da terze parti, allo scopo di incrementare le stati stiche di accesso (Google Analytics), durata 24 mesi;<\/li><li>_gat: cookie di tipo \u201ctecnico\u201d, ha lo scopo di monitorare la sessione, durata limitata ad una sola sessione di navigazione;<\/li><\/ul>\n\n\n\n<p><span class=\"has-inline-color has-white-color\">.<\/span><\/p>\n","protected":false},"excerpt":{"rendered":"<p>Informativa per la protezione dei dati ai sensi del Regolamento Generale di Protezione dei Dati (RGPD) UE 679\/2016 in vigore dal 25 maggio 2018 L\u2019Antica Fattoria s.r.l, con sede legale in San Pietro a Cegliolo, 420 52044 Cortona (AR), P.IVA 01291060513 (in seguito, \u201cTitolare\u201d), in qualit\u00e0 di titolare del trattamento, La informa ai sensi dell\u2019art. [&hellip;]<\/p>\n","protected":false},"author":1,"featured_media":1342,"parent":0,"menu_order":0,"comment_status":"closed","ping_status":"closed","template":"","meta":{"inline_featured_image":false,"footnotes":""},"class_list":["post-3","page","type-page","status-publish","has-post-thumbnail","hentry"],"_links":{"self":[{"href":"https:\/\/villabaldelli.it\/index.php\/wp-json\/wp\/v2\/pages\/3","targetHints":{"allow":["GET"]}}],"collection":[{"href":"https:\/\/villabaldelli.it\/index.php\/wp-json\/wp\/v2\/pages"}],"about":[{"href":"https:\/\/villabaldelli.it\/index.php\/wp-json\/wp\/v2\/types\/page"}],"author":[{"embeddable":true,"href":"https:\/\/villabaldelli.it\/index.php\/wp-json\/wp\/v2\/users\/1"}],"replies":[{"embeddable":true,"href":"https:\/\/villabaldelli.it\/index.php\/wp-json\/wp\/v2\/comments?post=3"}],"version-history":[{"count":3,"href":"https:\/\/villabaldelli.it\/index.php\/wp-json\/wp\/v2\/pages\/3\/revisions"}],"predecessor-version":[{"id":2116,"href":"https:\/\/villabaldelli.it\/index.php\/wp-json\/wp\/v2\/pages\/3\/revisions\/2116"}],"wp:featuredmedia":[{"embeddable":true,"href":"https:\/\/villabaldelli.it\/index.php\/wp-json\/wp\/v2\/media\/1342"}],"wp:attachment":[{"href":"https:\/\/villabaldelli.it\/index.php\/wp-json\/wp\/v2\/media?parent=3"}],"curies":[{"name":"wp","href":"https:\/\/api.w.org\/{rel}","templated":true}]}}